{"id":194,"date":"2020-01-13T15:15:39","date_gmt":"2020-01-13T14:15:39","guid":{"rendered":"https:\/\/trocis-showroom.de\/allcool\/?page_id=194"},"modified":"2022-07-24T13:46:18","modified_gmt":"2022-07-24T11:46:18","slug":"verkauf","status":"publish","type":"page","link":"https:\/\/trocis-showroom.de\/allcool\/verkauf\/","title":{"rendered":"Verkauf"},"content":{"rendered":"<p>[et_pb_section fb_built=&#8220;1&#8243; fullwidth=&#8220;on&#8220; admin_label=&#8220;Header&#8220; _builder_version=&#8220;4.14.7&#8243; _module_preset=&#8220;default&#8220; global_module=&#8220;1036&#8243; saved_tabs=&#8220;all&#8220; global_colors_info=&#8220;{}&#8220;][et_pb_fullwidth_image src=&#8220;https:\/\/trocis-showroom.de\/allcool\/wp-content\/uploads\/sites\/4\/2022\/02\/header-bahnschrift.png&#8220; title_text=&#8220;header-bahnschrift&#8220; admin_label=&#8220;Polarlicht mit Logo + Slogan&#8220; _builder_version=&#8220;4.16&#8243; _module_preset=&#8220;default&#8220; global_colors_info=&#8220;{}&#8220;][\/et_pb_fullwidth_image][\/et_pb_section][et_pb_section fb_built=&#8220;1&#8243; admin_label=&#8220;Seiten-\u00dcberschrift&#8220; _builder_version=&#8220;4.16&#8243; _module_preset=&#8220;default&#8220; custom_margin=&#8220;||0px||false|false&#8220; custom_padding=&#8220;||0px||false|false&#8220; custom_css_main_element=&#8220;margin-top: 0px;||padding-top: 0px;&#8220; locked=&#8220;off&#8220; global_colors_info=&#8220;{}&#8220;][et_pb_row column_padding_mobile=&#8220;on&#8220; admin_label=&#8220;Seiten-\u00dcberschrift&#8220; _builder_version=&#8220;4.16&#8243; background_size=&#8220;initial&#8220; background_position=&#8220;top_left&#8220; background_repeat=&#8220;repeat&#8220; custom_padding=&#8220;30px||30px||false|false&#8220; locked=&#8220;off&#8220; global_colors_info=&#8220;{}&#8220;][et_pb_column type=&#8220;4_4&#8243; _builder_version=&#8220;4.16&#8243; custom_padding=&#8220;|||&#8220; global_colors_info=&#8220;{}&#8220; custom_padding__hover=&#8220;|||&#8220;][et_pb_blurb title=&#8220;Verkauf&#8220; admin_label=&#8220;\u00dcberschrift&#8220; _builder_version=&#8220;4.17.4&#8243; header_font=&#8220;|700|||||||&#8220; header_text_color=&#8220;#2e75b6&#8243; header_font_size=&#8220;20px&#8220; header_letter_spacing=&#8220;1px&#8220; header_line_height=&#8220;1.6em&#8220; body_text_color=&#8220;#606060&#8243; body_font_size=&#8220;16px&#8220; background_size=&#8220;initial&#8220; background_position=&#8220;top_left&#8220; background_repeat=&#8220;repeat&#8220; text_orientation=&#8220;center&#8220; custom_margin=&#8220;||||false|false&#8220; custom_padding=&#8220;20px||||false|false&#8220; use_border_color=&#8220;off&#8220; border_color=&#8220;#ffffff&#8220; border_width=&#8220;1px&#8220; border_style=&#8220;solid&#8220; global_colors_info=&#8220;{}&#8220;][\/et_pb_blurb][\/et_pb_column][\/et_pb_row][\/et_pb_section][et_pb_section fb_built=&#8220;1&#8243; admin_label=&#8220;Verkauf&#8220; _builder_version=&#8220;4.17.6&#8243; _module_preset=&#8220;default&#8220; background_color=&#8220;#d4e5f5&#8243; custom_padding=&#8220;30px||30px||false|false&#8220; hover_enabled=&#8220;0&#8243; custom_css_main_element=&#8220;margin-top: 0px;||padding-top: 0px;&#8220; locked=&#8220;off&#8220; global_colors_info=&#8220;{}&#8220; sticky_enabled=&#8220;0&#8243;][et_pb_row column_structure=&#8220;1_2,1_2&#8243; admin_label=&#8220;Verkauf&#8220; _builder_version=&#8220;4.17.4&#8243; _module_preset=&#8220;default&#8220; min_height=&#8220;315px&#8220; custom_padding=&#8220;||||false|false&#8220; global_colors_info=&#8220;{}&#8220;][et_pb_column type=&#8220;1_2&#8243; _builder_version=&#8220;4.16&#8243; _module_preset=&#8220;default&#8220; custom_padding=&#8220;|0px|||false|false&#8220; global_colors_info=&#8220;{}&#8220;][et_pb_text admin_label=&#8220;K\u00fchlger\u00e4te\/Tiefk\u00fchlger\u00e4te&#8220; _builder_version=&#8220;4.17.4&#8243; _module_preset=&#8220;default&#8220; header_3_font=&#8220;|700|||||||&#8220; header_3_text_align=&#8220;center&#8220; header_3_text_color=&#8220;#2e75b6&#8243; header_3_font_size=&#8220;20px&#8220; header_4_font=&#8220;|700|||||||&#8220; header_4_text_align=&#8220;left&#8220; header_4_text_color=&#8220;#2e75b6&#8243; header_4_font_size=&#8220;16px&#8220; header_4_line_height=&#8220;1.7em&#8220; custom_margin=&#8220;|0px|||false|false&#8220; custom_margin_tablet=&#8220;|0px||0px|false|false&#8220; custom_margin_phone=&#8220;|0px|||false|false&#8220; custom_margin_last_edited=&#8220;on|desktop&#8220; global_colors_info=&#8220;{}&#8220;]<\/p>\n<h4>Verkauf von K\u00fchlger\u00e4ten und Tiefk\u00fchlger\u00e4ten<\/h4>\n<p>Wir verkaufen <strong>K\u00fchlger\u00e4te<\/strong>\u00a0und\u00a0<strong>Tiefk\u00fchlger\u00e4te\u00a0<\/strong>deutschlandweit und in einige L\u00e4nder Europas.<\/p>\n<p>In unserem Sortiment bieten wir Ihnen K\u00fchlvitrinen, K\u00fchltheken, Wandk\u00fchlregale, K\u00fchlinseln und\u00a0 diverse Tiefk\u00fchlger\u00e4te sowie noch viele andere K\u00fchlger\u00e4te an. Dabei sind uns Ihre W\u00fcnsche bez\u00fcglich der Optik\u00a0<em>\u2013 von klassisch bis modern \u2013<\/em>\u00a0\u00a0bez\u00fcglich der Beleuchtung\u00a0<em>\u2013 von Wei\u00dflicht, Roselicht bis hin zu bunten LED-Farben \u2013\u00a0<\/em>und auch bez\u00fcglich der technischen Ausstattung sehr wichtig.<\/p>\n<p>Wir sind ein zuverl\u00e4ssiger Ansprechpartner nicht nur f\u00fcr Hotels, Restaurants, Gastst\u00e4tten,\u00a0 Superm\u00e4rkte und Tankstellen, sondern auch f\u00fcr den kleinen Kiosk an der Ecke.<\/p>\n<p>Auch bei Anfragen nach Ersatzteilen\/Zusatzoptionen sind wir gerne f\u00fcr Sie da.<\/p>\n<p>Wir arbeiten mit verschiedenen namhaften Herstellern zusammen, mit denen wir schon viele Projekte realisiert haben.<\/p>\n<p>Unsere Neuger\u00e4te finden Sie in unserem Onlineshop.\u00a0 Dort bieten wir auch diverse Gebrauchtger\u00e4te \u2013 Messeeinsatzger\u00e4te- an. Denn alle verf\u00fcgbaren Mietger\u00e4te, die bereits mehrmals zum Einsatz auf Messen\/Veranstaltungen waren, bieten wir auch zum Kauf an.<\/p>\n<p>&nbsp;<\/p>\n<p>[\/et_pb_text][\/et_pb_column][et_pb_column type=&#8220;1_2&#8243; _builder_version=&#8220;4.16&#8243; _module_preset=&#8220;default&#8220; custom_padding=&#8220;|||0px|false|false&#8220; global_colors_info=&#8220;{}&#8220;][et_pb_text admin_label=&#8220;Luftreiniger&#8220; _builder_version=&#8220;4.17.4&#8243; _module_preset=&#8220;default&#8220; header_3_font=&#8220;|700|||||||&#8220; header_3_text_align=&#8220;center&#8220; header_3_text_color=&#8220;#2e75b6&#8243; header_3_font_size=&#8220;20px&#8220; header_4_font=&#8220;|700|||||||&#8220; header_4_text_align=&#8220;left&#8220; header_4_text_color=&#8220;#2e75b6&#8243; header_4_font_size=&#8220;16px&#8220; header_4_line_height=&#8220;1.7em&#8220; custom_margin=&#8220;|0px|||false|false&#8220; custom_margin_tablet=&#8220;|0px||0px|false|false&#8220; custom_margin_phone=&#8220;|0px|||false|false&#8220; custom_margin_last_edited=&#8220;on|desktop&#8220; global_colors_info=&#8220;{}&#8220;]<\/p>\n<h4>Verkauf von Luftreinigern<\/h4>\n<p>Wir verkaufen professionelle <strong>Luftreiniger<\/strong> f\u00fcr den Einsatz in der Gastronomie, in Unternehmen, Banken, \u00f6ffentlichen Geb\u00e4uden, bei Sport und Wellness, im Handel sowie auch in Arztpraxen oder auch f\u00fcr den privaten Bereich.<\/p>\n<p>Unsere Luftreiniger sind mit Hepa14-Filter und mit UVC-Technik ausgestattet.<br \/>Mit diesen Luftfiltern sorgen Sie f\u00fcr eine\u00a0 saubere Luft in Ihren R\u00e4umen und geben Ihnen Ihren Kunden sowie Ihren Mitarbeitern ein gro\u00dfes Ma\u00df an Sicherheit durch eine bestm\u00f6glich von Viren gereinigte Atemluft.<\/p>\n<p>Egal ob kleiner oder gro\u00dfer Raum, Halle oder Flur, Verkaufsraum oder Wartezimmer \u2013 wir bieten Ihnen eine modulare und dadurch individuell auf Ihre Bed\u00fcrfnisse zugeschnittene L\u00f6sung an.<\/p>\n<p>&nbsp;<\/p>\n<p>Mit unseren g\u00fcnstigen Leasingangeboten bleiben Sie auch weiterhin liquide!<br \/>Informieren Sie sich hier:\u00a0<a href=\"https:\/\/trocis-showroom.de\/allcool\/leasing\/\" rel=\"noreferrer noopener\"><strong>Leasing<\/strong><\/a><\/p>\n<p>Finden Sie Ihr passendes Ger\u00e4t in unserem\u00a0<strong><a href=\"https:\/\/www.allcool.de\/shop\/\" target=\"_&quot;blank&quot;\" rel=\"noopener noreferrer\">Onlineshop<\/a><\/strong>\u00a0und f\u00fcr weitere Fragen stehen wir Ihnen gerne telefonisch zur Verf\u00fcgung oder nutzen Sie unser\u00a0<a href=\"https:\/\/trocis-showroom.de\/allcool\/kontakt\/\"><strong>Kontaktformular<\/strong><\/a>.<\/p>\n<p>&nbsp;<\/p>\n<p>[\/et_pb_text][\/et_pb_column][\/et_pb_row][\/et_pb_section]<\/p>\n","protected":false},"excerpt":{"rendered":"<p>Verkauf von K\u00fchlger\u00e4ten und Tiefk\u00fchlger\u00e4ten Wir verkaufen K\u00fchlger\u00e4te\u00a0und\u00a0Tiefk\u00fchlger\u00e4te\u00a0deutschlandweit und in einige L\u00e4nder Europas. In unserem Sortiment bieten wir Ihnen K\u00fchlvitrinen, K\u00fchltheken, Wandk\u00fchlregale, K\u00fchlinseln und\u00a0 diverse Tiefk\u00fchlger\u00e4te sowie noch viele andere K\u00fchlger\u00e4te an. Dabei sind uns Ihre W\u00fcnsche bez\u00fcglich der Optik\u00a0\u2013 von klassisch bis modern \u2013\u00a0\u00a0bez\u00fcglich der Beleuchtung\u00a0\u2013 von Wei\u00dflicht, Roselicht bis hin zu bunten LED-Farben [&hellip;]<\/p>\n","protected":false},"author":1,"featured_media":0,"parent":0,"menu_order":0,"comment_status":"closed","ping_status":"closed","template":"","meta":{"_et_pb_use_builder":"on","_et_pb_old_content":"","_et_gb_content_width":"","footnotes":""},"class_list":["post-194","page","type-page","status-publish","hentry"],"_links":{"self":[{"href":"https:\/\/trocis-showroom.de\/allcool\/wp-json\/wp\/v2\/pages\/194","targetHints":{"allow":["GET"]}}],"collection":[{"href":"https:\/\/trocis-showroom.de\/allcool\/wp-json\/wp\/v2\/pages"}],"about":[{"href":"https:\/\/trocis-showroom.de\/allcool\/wp-json\/wp\/v2\/types\/page"}],"author":[{"embeddable":true,"href":"https:\/\/trocis-showroom.de\/allcool\/wp-json\/wp\/v2\/users\/1"}],"replies":[{"embeddable":true,"href":"https:\/\/trocis-showroom.de\/allcool\/wp-json\/wp\/v2\/comments?post=194"}],"version-history":[{"count":17,"href":"https:\/\/trocis-showroom.de\/allcool\/wp-json\/wp\/v2\/pages\/194\/revisions"}],"predecessor-version":[{"id":3267,"href":"https:\/\/trocis-showroom.de\/allcool\/wp-json\/wp\/v2\/pages\/194\/revisions\/3267"}],"wp:attachment":[{"href":"https:\/\/trocis-showroom.de\/allcool\/wp-json\/wp\/v2\/media?parent=194"}],"curies":[{"name":"wp","href":"https:\/\/api.w.org\/{rel}","templated":true}]}}