{"id":642,"date":"2021-12-29T11:28:20","date_gmt":"2021-12-29T10:28:20","guid":{"rendered":"https:\/\/trocis-showroom.de\/allcool\/?page_id=642"},"modified":"2022-09-05T14:15:56","modified_gmt":"2022-09-05T12:15:56","slug":"leasing","status":"publish","type":"page","link":"https:\/\/trocis-showroom.de\/allcool\/leasing\/","title":{"rendered":"Leasing"},"content":{"rendered":"<p>[et_pb_section fb_built=&#8220;1&#8243; fullwidth=&#8220;on&#8220; admin_label=&#8220;Header&#8220; _builder_version=&#8220;4.14.7&#8243; _module_preset=&#8220;default&#8220; global_module=&#8220;1036&#8243; saved_tabs=&#8220;all&#8220; global_colors_info=&#8220;{}&#8220;][et_pb_fullwidth_image src=&#8220;https:\/\/trocis-showroom.de\/allcool\/wp-content\/uploads\/sites\/4\/2022\/02\/header-bahnschrift.png&#8220; title_text=&#8220;header-bahnschrift&#8220; admin_label=&#8220;Polarlicht mit Logo + Slogan&#8220; _builder_version=&#8220;4.16&#8243; _module_preset=&#8220;default&#8220; global_colors_info=&#8220;{}&#8220;][\/et_pb_fullwidth_image][\/et_pb_section][et_pb_section fb_built=&#8220;1&#8243; admin_label=&#8220;Seiten-\u00dcberschrift&#8220; _builder_version=&#8220;4.16&#8243; _module_preset=&#8220;default&#8220; custom_margin=&#8220;||0px||false|false&#8220; custom_padding=&#8220;||0px||false|false&#8220; custom_css_main_element=&#8220;margin-top: 0px;||padding-top: 0px;&#8220; locked=&#8220;off&#8220; global_colors_info=&#8220;{}&#8220;][et_pb_row column_padding_mobile=&#8220;on&#8220; admin_label=&#8220;Seiten-\u00dcberschrift&#8220; _builder_version=&#8220;4.16&#8243; background_size=&#8220;initial&#8220; background_position=&#8220;top_left&#8220; background_repeat=&#8220;repeat&#8220; custom_padding=&#8220;30px||30px||false|false&#8220; locked=&#8220;off&#8220; global_colors_info=&#8220;{}&#8220;][et_pb_column type=&#8220;4_4&#8243; _builder_version=&#8220;4.16&#8243; custom_padding=&#8220;|||&#8220; global_colors_info=&#8220;{}&#8220; custom_padding__hover=&#8220;|||&#8220;][et_pb_blurb title=&#8220;Leasing von K\u00fchlger\u00e4ten und Tiefk\u00fchlger\u00e4ten&#8220; admin_label=&#8220;\u00dcberschrift&#8220; _builder_version=&#8220;4.17.3&#8243; header_font=&#8220;|700|||||||&#8220; header_text_color=&#8220;#2e75b6&#8243; header_font_size=&#8220;20px&#8220; header_letter_spacing=&#8220;1px&#8220; header_line_height=&#8220;1.6em&#8220; body_text_color=&#8220;#606060&#8243; body_font_size=&#8220;16px&#8220; background_size=&#8220;initial&#8220; background_position=&#8220;top_left&#8220; background_repeat=&#8220;repeat&#8220; text_orientation=&#8220;center&#8220; custom_margin=&#8220;||||false|false&#8220; custom_padding=&#8220;20px||||false|false&#8220; use_border_color=&#8220;off&#8220; border_color=&#8220;#ffffff&#8220; border_width=&#8220;1px&#8220; border_style=&#8220;solid&#8220; global_colors_info=&#8220;{}&#8220;][\/et_pb_blurb][\/et_pb_column][\/et_pb_row][\/et_pb_section][et_pb_section fb_built=&#8220;1&#8243; admin_label=&#8220;Leasing&#8220; _builder_version=&#8220;4.17.3&#8243; _module_preset=&#8220;default&#8220; custom_css_main_element=&#8220;margin-top: 0px;||padding-top: 0px;&#8220; locked=&#8220;off&#8220; global_colors_info=&#8220;{}&#8220;][et_pb_row admin_label=&#8220;Leasing&#8220; _builder_version=&#8220;4.17.3&#8243; _module_preset=&#8220;default&#8220; max_width=&#8220;700px&#8220; custom_padding=&#8220;5px||||false|false&#8220; global_colors_info=&#8220;{}&#8220;][et_pb_column type=&#8220;4_4&#8243; _builder_version=&#8220;4.16&#8243; _module_preset=&#8220;default&#8220; global_colors_info=&#8220;{}&#8220;][et_pb_text admin_label=&#8220;Leasing&#8220; _builder_version=&#8220;4.18.0&#8243; _module_preset=&#8220;default&#8220; hover_enabled=&#8220;0&#8243; global_colors_info=&#8220;{}&#8220; sticky_enabled=&#8220;0&#8243;]<\/p>\n<p>Finanzieren Sie Ihr gew\u00fcnschtes K\u00fchlger\u00e4t per Leasing!<\/p>\n<p><u>Hier eine Beispielrechnung<\/u>:<br \/>K\u00fchlkuppel Neupreis netto 3.100,00 \u20ac<br \/>Laufzeit 48 Monate<br \/>Leasingrate bereits ab\u00a0<strong><span style=\"color: #2e75b6;\">76,26 \u20ac monatlich<\/span><\/strong>\u00a0m\u00f6glich<\/p>\n<p><u><br \/>Ihre Vorteile<\/u>:<\/p>\n<ul>\n<li><span style=\"color: #2e75b6;\"><strong>Planungssicherheit<\/strong><\/span><br \/>Die Leasingrate ist eine klar kalkulierte Grundlage f\u00fcr Ihre Wirtschaftlichkeitsbetrachtung<\/li>\n<li><span style=\"color: #2e75b6;\"><strong>Steuerliche Vorteile<\/strong><\/span><br \/>Die Leasingraten sind als Betriebsausgaben voll steuerlich absetzbar<\/li>\n<li><span style=\"color: #2e75b6;\"><strong>Bilanzneutralit\u00e4t<\/strong><\/span><br \/>Leasingraten sind lediglich als Betriebsausgaben in der GuV \u2013 Eigenkapitalquote und Verschuldungsgrad bleiben unver\u00e4ndert<\/li>\n<li><span style=\"color: #2e75b6;\"><strong>Liquidit\u00e4t<\/strong><\/span><br \/>Besserer Handlungsspielraum f\u00fcr zuk\u00fcnftige Investitionen<\/li>\n<li><span style=\"color: #2e75b6;\"><strong>Flexibilit\u00e4t<\/strong><\/span><br \/>Die Laufzeit ist unabh\u00e4ngig von der Abschreibung f\u00fcr Abnutzung \u2013 kurze wie lange Laufzeiten m\u00f6glich<\/li>\n<\/ul>\n<p>&nbsp;<\/p>\n<p>Nehmen Sie <strong><a href=\"https:\/\/trocis-showroom.de\/allcool\/kontakt\/\">Kontakt<\/a><\/strong> mit uns auf und fragen Sie nach einem individuellen Angebot.<br \/>Wir beraten Sie gerne!<\/p>\n<p>[\/et_pb_text][\/et_pb_column][\/et_pb_row][\/et_pb_section]<\/p>\n","protected":false},"excerpt":{"rendered":"<p>Finanzieren Sie Ihr gew\u00fcnschtes K\u00fchlger\u00e4t per Leasing! Hier eine Beispielrechnung:K\u00fchlkuppel Neupreis netto 3.100,00 \u20acLaufzeit 48 MonateLeasingrate bereits ab\u00a076,26 \u20ac monatlich\u00a0m\u00f6glich Ihre Vorteile: PlanungssicherheitDie Leasingrate ist eine klar kalkulierte Grundlage f\u00fcr Ihre Wirtschaftlichkeitsbetrachtung Steuerliche VorteileDie Leasingraten sind als Betriebsausgaben voll steuerlich absetzbar Bilanzneutralit\u00e4tLeasingraten sind lediglich als Betriebsausgaben in der GuV \u2013 Eigenkapitalquote und Verschuldungsgrad bleiben unver\u00e4ndert [&hellip;]<\/p>\n","protected":false},"author":1,"featured_media":0,"parent":0,"menu_order":0,"comment_status":"closed","ping_status":"closed","template":"","meta":{"_et_pb_use_builder":"on","_et_pb_old_content":"","_et_gb_content_width":"","footnotes":""},"class_list":["post-642","page","type-page","status-publish","hentry"],"_links":{"self":[{"href":"https:\/\/trocis-showroom.de\/allcool\/wp-json\/wp\/v2\/pages\/642","targetHints":{"allow":["GET"]}}],"collection":[{"href":"https:\/\/trocis-showroom.de\/allcool\/wp-json\/wp\/v2\/pages"}],"about":[{"href":"https:\/\/trocis-showroom.de\/allcool\/wp-json\/wp\/v2\/types\/page"}],"author":[{"embeddable":true,"href":"https:\/\/trocis-showroom.de\/allcool\/wp-json\/wp\/v2\/users\/1"}],"replies":[{"embeddable":true,"href":"https:\/\/trocis-showroom.de\/allcool\/wp-json\/wp\/v2\/comments?post=642"}],"version-history":[{"count":24,"href":"https:\/\/trocis-showroom.de\/allcool\/wp-json\/wp\/v2\/pages\/642\/revisions"}],"predecessor-version":[{"id":3590,"href":"https:\/\/trocis-showroom.de\/allcool\/wp-json\/wp\/v2\/pages\/642\/revisions\/3590"}],"wp:attachment":[{"href":"https:\/\/trocis-showroom.de\/allcool\/wp-json\/wp\/v2\/media?parent=642"}],"curies":[{"name":"wp","href":"https:\/\/api.w.org\/{rel}","templated":true}]}}