{"id":669,"date":"2021-12-29T11:40:39","date_gmt":"2021-12-29T10:40:39","guid":{"rendered":"https:\/\/trocis-showroom.de\/allcool\/?page_id=669"},"modified":"2022-09-05T14:42:46","modified_gmt":"2022-09-05T12:42:46","slug":"tiefkuehlgeraete","status":"publish","type":"page","link":"https:\/\/trocis-showroom.de\/allcool\/tiefkuehlgeraete\/","title":{"rendered":"Tiefk\u00fchlger\u00e4te"},"content":{"rendered":"<p>[et_pb_section fb_built=&#8220;1&#8243; fullwidth=&#8220;on&#8220; admin_label=&#8220;Header&#8220; _builder_version=&#8220;4.14.7&#8243; _module_preset=&#8220;default&#8220; global_module=&#8220;1036&#8243; saved_tabs=&#8220;all&#8220; global_colors_info=&#8220;{}&#8220;][et_pb_fullwidth_image src=&#8220;https:\/\/trocis-showroom.de\/allcool\/wp-content\/uploads\/sites\/4\/2022\/02\/header-bahnschrift.png&#8220; title_text=&#8220;header-bahnschrift&#8220; admin_label=&#8220;Polarlicht mit Logo + Slogan&#8220; _builder_version=&#8220;4.16&#8243; _module_preset=&#8220;default&#8220; global_colors_info=&#8220;{}&#8220;][\/et_pb_fullwidth_image][\/et_pb_section][et_pb_section fb_built=&#8220;1&#8243; admin_label=&#8220;Seiten-\u00dcberschrift&#8220; _builder_version=&#8220;4.16&#8243; _module_preset=&#8220;default&#8220; custom_margin=&#8220;||0px||false|false&#8220; custom_padding=&#8220;||0px||false|false&#8220; custom_css_main_element=&#8220;margin-top: 0px;||padding-top: 0px;&#8220; locked=&#8220;off&#8220; global_colors_info=&#8220;{}&#8220;][et_pb_row column_padding_mobile=&#8220;on&#8220; admin_label=&#8220;Seiten-\u00dcberschrift&#8220; _builder_version=&#8220;4.16&#8243; background_size=&#8220;initial&#8220; background_position=&#8220;top_left&#8220; background_repeat=&#8220;repeat&#8220; custom_padding=&#8220;30px||30px||false|false&#8220; locked=&#8220;off&#8220; global_colors_info=&#8220;{}&#8220;][et_pb_column type=&#8220;4_4&#8243; _builder_version=&#8220;4.16&#8243; custom_padding=&#8220;|||&#8220; global_colors_info=&#8220;{}&#8220; custom_padding__hover=&#8220;|||&#8220;][et_pb_blurb title=&#8220;Tiefk\u00fchlger\u00e4te mieten oder kaufen&#8220; admin_label=&#8220;\u00dcberschrift&#8220; _builder_version=&#8220;4.18.0&#8243; header_font=&#8220;|700|||||||&#8220; header_text_color=&#8220;#2e75b6&#8243; header_font_size=&#8220;20px&#8220; header_letter_spacing=&#8220;1px&#8220; header_line_height=&#8220;1.6em&#8220; body_text_color=&#8220;#606060&#8243; body_font_size=&#8220;16px&#8220; background_size=&#8220;initial&#8220; background_position=&#8220;top_left&#8220; background_repeat=&#8220;repeat&#8220; text_orientation=&#8220;center&#8220; custom_margin=&#8220;||||false|false&#8220; custom_padding=&#8220;20px||||false|false&#8220; hover_enabled=&#8220;0&#8243; use_border_color=&#8220;off&#8220; border_color=&#8220;#ffffff&#8220; border_width=&#8220;1px&#8220; border_style=&#8220;solid&#8220; global_colors_info=&#8220;{}&#8220; sticky_enabled=&#8220;0&#8243;][\/et_pb_blurb][\/et_pb_column][\/et_pb_row][\/et_pb_section][et_pb_section fb_built=&#8220;1&#8243; admin_label=&#8220;Kategorien 1&#8243; _builder_version=&#8220;4.17.6&#8243; _module_preset=&#8220;default&#8220; custom_padding=&#8220;30px||30px||true|false&#8220; custom_css_main_element=&#8220;margin: 0;||padding: 0;&#8220; locked=&#8220;off&#8220; global_colors_info=&#8220;{}&#8220;][et_pb_row column_structure=&#8220;1_4,1_4,1_4,1_4&#8243; admin_label=&#8220;Kategorien 1&#8243; _builder_version=&#8220;4.17.1&#8243; _module_preset=&#8220;default&#8220; global_colors_info=&#8220;{}&#8220; border_color_all_image__hover=&#8220;#E02B20&#8243; border_color_all_image__hover_enabled=&#8220;on|hover&#8220;][et_pb_column type=&#8220;1_4&#8243; _builder_version=&#8220;4.17.1&#8243; _module_preset=&#8220;default&#8220; global_colors_info=&#8220;{}&#8220;][et_pb_blurb title=&#8220;Tiefk\u00fchlinseln&#8220; image_icon_background_color=&#8220;#d4e5f5&#8243; image=&#8220;https:\/\/trocis-showroom.de\/allcool\/wp-content\/uploads\/sites\/4\/2022\/04\/tiefkuehlinseln-menu.png&#8220; admin_label=&#8220;Tiefk\u00fchlinseln&#8220; _builder_version=&#8220;4.17.6&#8243; _dynamic_attributes=&#8220;link_option_url&#8220; _module_preset=&#8220;default&#8220; header_font=&#8220;|700|||||||&#8220; header_text_align=&#8220;center&#8220; header_text_color=&#8220;#2e75b6&#8243; body_text_color=&#8220;#606060&#8243; background_size=&#8220;initial&#8220; background_position=&#8220;top_left&#8220; background_repeat=&#8220;repeat&#8220; image_icon_custom_padding=&#8220;10px|10px|10px|10px|false|false&#8220; link_option_url=&#8220;@ET-DC@eyJkeW5hbWljIjp0cnVlLCJjb250ZW50IjoicG9zdF9saW5rX3VybF9wYWdlIiwic2V0dGluZ3MiOnsicG9zdF9pZCI6IjY3MiJ9fQ==@&#8220; border_radii_image=&#8220;on|5px|5px|5px|5px&#8220; box_shadow_style_image=&#8220;preset2&#8243; box_shadow_color_image=&#8220;#424242&#8243; global_colors_info=&#8220;{}&#8220; image__hover_enabled=&#8220;off|hover&#8220; child_filter_sepia__hover_enabled=&#8220;off|hover&#8220; child_filter_sepia__hover=&#8220;0%&#8220; child_filter_saturate__hover_enabled=&#8220;off|hover&#8220; border_color_all_image__hover_enabled=&#8220;off|desktop&#8220; border_color_all_image__hover=&#8220;#E02B20&#8243;][\/et_pb_blurb][\/et_pb_column][et_pb_column type=&#8220;1_4&#8243; _builder_version=&#8220;4.17.1&#8243; _module_preset=&#8220;default&#8220; global_colors_info=&#8220;{}&#8220;][et_pb_blurb title=&#8220;Tiefk\u00fchltruhen&#8220; image_icon_background_color=&#8220;#d4e5f5&#8243; image=&#8220;https:\/\/trocis-showroom.de\/allcool\/wp-content\/uploads\/sites\/4\/2022\/04\/tiefkuehltruhen-menu.png&#8220; admin_label=&#8220;Tiefk\u00fchltruhen&#8220; _builder_version=&#8220;4.17.6&#8243; _dynamic_attributes=&#8220;link_option_url&#8220; _module_preset=&#8220;default&#8220; header_font=&#8220;|700|||||||&#8220; header_text_align=&#8220;center&#8220; header_text_color=&#8220;#2e75b6&#8243; body_text_color=&#8220;#606060&#8243; background_size=&#8220;initial&#8220; background_position=&#8220;top_left&#8220; background_repeat=&#8220;repeat&#8220; image_icon_custom_padding=&#8220;10px|10px|10px|10px|false|false&#8220; link_option_url=&#8220;@ET-DC@eyJkeW5hbWljIjp0cnVlLCJjb250ZW50IjoicG9zdF9saW5rX3VybF9wYWdlIiwic2V0dGluZ3MiOnsicG9zdF9pZCI6IjY3OSJ9fQ==@&#8220; border_radii_image=&#8220;on|5px|5px|5px|5px&#8220; box_shadow_style_image=&#8220;preset2&#8243; box_shadow_color_image=&#8220;#424242&#8243; global_colors_info=&#8220;{}&#8220; border_color_all_image__hover=&#8220;#E02B20&#8243; border_color_all_image__hover_enabled=&#8220;off|desktop&#8220;][\/et_pb_blurb][\/et_pb_column][et_pb_column type=&#8220;1_4&#8243; _builder_version=&#8220;4.17.1&#8243; _module_preset=&#8220;default&#8220; global_colors_info=&#8220;{}&#8220;][et_pb_blurb title=&#8220;Panoramatiefk\u00fchlschr\u00e4nke 4-seitig&#8220; image_icon_background_color=&#8220;#d4e5f5&#8243; image=&#8220;https:\/\/trocis-showroom.de\/allcool\/wp-content\/uploads\/sites\/4\/2022\/04\/panoramatiefkuehlschraenke-menu.png&#8220; admin_label=&#8220;Panoramatiefk\u00fchlschr\u00e4nke 4-seitig&#8220; _builder_version=&#8220;4.17.6&#8243; _dynamic_attributes=&#8220;link_option_url&#8220; _module_preset=&#8220;default&#8220; header_font=&#8220;|700|||||||&#8220; header_text_align=&#8220;center&#8220; header_text_color=&#8220;#2e75b6&#8243; header_font_size=&#8220;16px&#8220; body_text_color=&#8220;#606060&#8243; background_size=&#8220;initial&#8220; background_position=&#8220;top_left&#8220; background_repeat=&#8220;repeat&#8220; image_icon_custom_padding=&#8220;10px|10px|10px|10px|false|false&#8220; link_option_url=&#8220;@ET-DC@eyJkeW5hbWljIjp0cnVlLCJjb250ZW50IjoicG9zdF9saW5rX3VybF9wYWdlIiwic2V0dGluZ3MiOnsicG9zdF9pZCI6IjY1OSJ9fQ==@&#8220; border_radii_image=&#8220;on|5px|5px|5px|5px&#8220; box_shadow_style_image=&#8220;preset2&#8243; box_shadow_color_image=&#8220;#424242&#8243; global_colors_info=&#8220;{}&#8220; border_color_all_image__hover=&#8220;#E02B20&#8243; border_color_all_image__hover_enabled=&#8220;off|desktop&#8220;][\/et_pb_blurb][\/et_pb_column][et_pb_column type=&#8220;1_4&#8243; _builder_version=&#8220;4.17.1&#8243; _module_preset=&#8220;default&#8220; global_colors_info=&#8220;{}&#8220;][et_pb_blurb title=&#8220;Panoramatiefk\u00fchlschr\u00e4nke 6-seitig&#8220; image_icon_background_color=&#8220;#d4e5f5&#8243; image=&#8220;https:\/\/trocis-showroom.de\/allcool\/wp-content\/uploads\/sites\/4\/2022\/04\/panoramatiefkuehlschraenke-6-menu.png&#8220; admin_label=&#8220;Panoramatiefk\u00fchlschr\u00e4nke 6-seitig&#8220; _builder_version=&#8220;4.17.6&#8243; _dynamic_attributes=&#8220;link_option_url&#8220; _module_preset=&#8220;default&#8220; header_font=&#8220;|700|||||||&#8220; header_text_align=&#8220;center&#8220; header_text_color=&#8220;#2e75b6&#8243; header_font_size=&#8220;16px&#8220; body_text_color=&#8220;#606060&#8243; background_size=&#8220;initial&#8220; background_position=&#8220;top_left&#8220; background_repeat=&#8220;repeat&#8220; image_icon_custom_padding=&#8220;10px|10px|10px|10px|false|false&#8220; link_option_url=&#8220;@ET-DC@eyJkeW5hbWljIjp0cnVlLCJjb250ZW50IjoicG9zdF9saW5rX3VybF9wYWdlIiwic2V0dGluZ3MiOnsicG9zdF9pZCI6IjY2MiJ9fQ==@&#8220; border_radii_image=&#8220;on|5px|5px|5px|5px&#8220; box_shadow_style_image=&#8220;preset2&#8243; box_shadow_color_image=&#8220;#424242&#8243; global_colors_info=&#8220;{}&#8220; border_color_all_image__hover=&#8220;#E02B20&#8243; border_color_all_image__hover_enabled=&#8220;off|desktop&#8220;][\/et_pb_blurb][\/et_pb_column][\/et_pb_row][\/et_pb_section][et_pb_section fb_built=&#8220;1&#8243; admin_label=&#8220;Kategorien 2&#8243; _builder_version=&#8220;4.17.6&#8243; _module_preset=&#8220;default&#8220; background_color=&#8220;#ffffff&#8220; custom_margin=&#8220;||30px||false|false&#8220; custom_padding=&#8220;30px||30px||true|false&#8220; custom_css_main_element=&#8220;margin: 0;||padding: 0;&#8220; locked=&#8220;off&#8220; global_colors_info=&#8220;{}&#8220;][et_pb_row column_structure=&#8220;1_4,1_4,1_4,1_4&#8243; admin_label=&#8220;Kategorien 2&#8243; _builder_version=&#8220;4.17.1&#8243; _module_preset=&#8220;default&#8220; global_colors_info=&#8220;{}&#8220; border_color_all_image__hover=&#8220;#E02B20&#8243; border_color_all_image__hover_enabled=&#8220;on|hover&#8220;][et_pb_column type=&#8220;1_4&#8243; _builder_version=&#8220;4.17.1&#8243; _module_preset=&#8220;default&#8220; global_colors_info=&#8220;{}&#8220;][et_pb_blurb title=&#8220;Tiefk\u00fchl-Vitrinentruhen&#8220; image_icon_background_color=&#8220;#d4e5f5&#8243; image=&#8220;https:\/\/trocis-showroom.de\/allcool\/wp-content\/uploads\/sites\/4\/2022\/04\/tiefkuehl-vitrinentruhen-menu.png&#8220; admin_label=&#8220;Tiefk\u00fchl-Vitrinentruhen&#8220; _builder_version=&#8220;4.17.6&#8243; _dynamic_attributes=&#8220;link_option_url&#8220; _module_preset=&#8220;default&#8220; header_font=&#8220;|700|||||||&#8220; header_text_align=&#8220;center&#8220; header_text_color=&#8220;#2e75b6&#8243; body_text_color=&#8220;#606060&#8243; background_size=&#8220;initial&#8220; background_position=&#8220;top_left&#8220; background_repeat=&#8220;repeat&#8220; image_icon_custom_padding=&#8220;10px|10px|10px|10px|false|false&#8220; link_option_url=&#8220;@ET-DC@eyJkeW5hbWljIjp0cnVlLCJjb250ZW50IjoicG9zdF9saW5rX3VybF9wYWdlIiwic2V0dGluZ3MiOnsicG9zdF9pZCI6IjY2NiJ9fQ==@&#8220; border_radii_image=&#8220;on|5px|5px|5px|5px&#8220; box_shadow_style_image=&#8220;preset2&#8243; box_shadow_color_image=&#8220;#424242&#8243; global_colors_info=&#8220;{}&#8220; image__hover_enabled=&#8220;off|hover&#8220; child_filter_sepia__hover_enabled=&#8220;off|hover&#8220; child_filter_sepia__hover=&#8220;0%&#8220; child_filter_saturate__hover_enabled=&#8220;off|hover&#8220; border_color_all_image__hover_enabled=&#8220;off|desktop&#8220; border_color_all_image__hover=&#8220;#E02B20&#8243;][\/et_pb_blurb][\/et_pb_column][et_pb_column type=&#8220;1_4&#8243; _builder_version=&#8220;4.17.1&#8243; _module_preset=&#8220;default&#8220; global_colors_info=&#8220;{}&#8220;][et_pb_blurb title=&#8220;Tiefk\u00fchlschr\u00e4nke&#8220; image_icon_background_color=&#8220;#d4e5f5&#8243; image=&#8220;https:\/\/trocis-showroom.de\/allcool\/wp-content\/uploads\/sites\/4\/2022\/04\/tiefkuehlschraenke-menu.png&#8220; admin_label=&#8220;Tiefk\u00fchlschr\u00e4nke&#8220; _builder_version=&#8220;4.17.6&#8243; _dynamic_attributes=&#8220;link_option_url&#8220; _module_preset=&#8220;default&#8220; header_font=&#8220;|700|||||||&#8220; header_text_align=&#8220;center&#8220; header_text_color=&#8220;#2e75b6&#8243; body_text_color=&#8220;#606060&#8243; background_size=&#8220;initial&#8220; background_position=&#8220;top_left&#8220; background_repeat=&#8220;repeat&#8220; image_icon_custom_padding=&#8220;10px|10px|10px|10px|false|false&#8220; link_option_url=&#8220;@ET-DC@eyJkeW5hbWljIjp0cnVlLCJjb250ZW50IjoicG9zdF9saW5rX3VybF9wYWdlIiwic2V0dGluZ3MiOnsicG9zdF9pZCI6IjY3NSJ9fQ==@&#8220; border_radii_image=&#8220;on|5px|5px|5px|5px&#8220; box_shadow_style_image=&#8220;preset2&#8243; box_shadow_color_image=&#8220;#424242&#8243; global_colors_info=&#8220;{}&#8220; border_color_all_image__hover=&#8220;#E02B20&#8243; border_color_all_image__hover_enabled=&#8220;off|desktop&#8220;][\/et_pb_blurb][\/et_pb_column][et_pb_column type=&#8220;1_4&#8243; _builder_version=&#8220;4.17.1&#8243; _module_preset=&#8220;default&#8220; global_colors_info=&#8220;{}&#8220;][et_pb_blurb title=&#8220;Tiefk\u00fchlvitrinen&#8220; image_icon_background_color=&#8220;#d4e5f5&#8243; image=&#8220;https:\/\/trocis-showroom.de\/allcool\/wp-content\/uploads\/sites\/4\/2022\/04\/tiefkuehlvitrinen-menu.png&#8220; admin_label=&#8220;Tiefk\u00fchlvitrinen&#8220; _builder_version=&#8220;4.17.6&#8243; _dynamic_attributes=&#8220;link_option_url&#8220; _module_preset=&#8220;default&#8220; header_font=&#8220;|700|||||||&#8220; header_text_align=&#8220;center&#8220; header_text_color=&#8220;#2e75b6&#8243; body_text_color=&#8220;#606060&#8243; background_size=&#8220;initial&#8220; background_position=&#8220;top_left&#8220; background_repeat=&#8220;repeat&#8220; image_icon_custom_padding=&#8220;10px|10px|10px|10px|false|false&#8220; link_option_url=&#8220;@ET-DC@eyJkeW5hbWljIjp0cnVlLCJjb250ZW50IjoicG9zdF9saW5rX3VybF9wYWdlIiwic2V0dGluZ3MiOnsicG9zdF9pZCI6IjY4MyJ9fQ==@&#8220; border_radii_image=&#8220;on|5px|5px|5px|5px&#8220; box_shadow_style_image=&#8220;preset2&#8243; box_shadow_color_image=&#8220;#424242&#8243; global_colors_info=&#8220;{}&#8220; border_color_all_image__hover=&#8220;#E02B20&#8243; border_color_all_image__hover_enabled=&#8220;off|desktop&#8220;][\/et_pb_blurb][\/et_pb_column][et_pb_column type=&#8220;1_4&#8243; _builder_version=&#8220;4.17.1&#8243; _module_preset=&#8220;default&#8220; global_colors_info=&#8220;{}&#8220;][\/et_pb_column][\/et_pb_row][\/et_pb_section]<\/p>\n","protected":false},"excerpt":{"rendered":"","protected":false},"author":1,"featured_media":0,"parent":0,"menu_order":0,"comment_status":"closed","ping_status":"closed","template":"","meta":{"_et_pb_use_builder":"on","_et_pb_old_content":"","_et_gb_content_width":"","footnotes":""},"class_list":["post-669","page","type-page","status-publish","hentry"],"_links":{"self":[{"href":"https:\/\/trocis-showroom.de\/allcool\/wp-json\/wp\/v2\/pages\/669","targetHints":{"allow":["GET"]}}],"collection":[{"href":"https:\/\/trocis-showroom.de\/allcool\/wp-json\/wp\/v2\/pages"}],"about":[{"href":"https:\/\/trocis-showroom.de\/allcool\/wp-json\/wp\/v2\/types\/page"}],"author":[{"embeddable":true,"href":"https:\/\/trocis-showroom.de\/allcool\/wp-json\/wp\/v2\/users\/1"}],"replies":[{"embeddable":true,"href":"https:\/\/trocis-showroom.de\/allcool\/wp-json\/wp\/v2\/comments?post=669"}],"version-history":[{"count":21,"href":"https:\/\/trocis-showroom.de\/allcool\/wp-json\/wp\/v2\/pages\/669\/revisions"}],"predecessor-version":[{"id":3599,"href":"https:\/\/trocis-showroom.de\/allcool\/wp-json\/wp\/v2\/pages\/669\/revisions\/3599"}],"wp:attachment":[{"href":"https:\/\/trocis-showroom.de\/allcool\/wp-json\/wp\/v2\/media?parent=669"}],"curies":[{"name":"wp","href":"https:\/\/api.w.org\/{rel}","templated":true}]}}